{"id":27126,"date":"2021-11-04T23:22:59","date_gmt":"2021-12-10T19:52:12","guid":{"rendered":"https:\/\/bqueenmarket.com\/product\/fashion-horse-rose-and-lily-leaf-waterproof-temporary-tattoo\/"},"modified":"2021-12-10T19:52:13","modified_gmt":"2021-12-10T19:52:13","slug":"waterproof-temporary-tattoo-spiders-and-leaf-scorpions-fashion-horse-16","status":"publish","type":"product","link":"https:\/\/bqueenmarket.com\/en\/shop\/waterproof-temporary-tattoo-spiders-and-leaf-scorpions-fashion-horse-16\/","title":{"rendered":"Fashion Horse Rose and Lily Leaf Waterproof Temporary Tattoo"},"content":{"rendered":"","protected":false},"excerpt":{"rendered":"<p>Une feuille de tatouages temporaires waterproof \u00e0 motifs roses et lys de taille 20.5 x 10.0 cm et de bonne qualit\u00e9 avec une tenue jusqu&#8217;\u00e0 5 jours.<\/p>\n","protected":false},"featured_media":15778,"template":"","meta":[],"product_brand":[],"product_cat":[688,688],"product_tag":[],"class_list":{"0":"post-27126","1":"product","2":"type-product","3":"status-publish","4":"has-post-thumbnail","6":"product_cat-others-en-2","9":"first","10":"instock","11":"shipping-taxable","12":"purchasable","13":"product-type-simple"},"_links":{"self":[{"href":"https:\/\/bqueenmarket.com\/en\/wp-json\/wp\/v2\/product\/27126","targetHints":{"allow":["GET"]}}],"collection":[{"href":"https:\/\/bqueenmarket.com\/en\/wp-json\/wp\/v2\/product"}],"about":[{"href":"https:\/\/bqueenmarket.com\/en\/wp-json\/wp\/v2\/types\/product"}],"version-history":[{"count":0,"href":"https:\/\/bqueenmarket.com\/en\/wp-json\/wp\/v2\/product\/27126\/revisions"}],"wp:featuredmedia":[{"embeddable":true,"href":"https:\/\/bqueenmarket.com\/en\/wp-json\/wp\/v2\/media\/15778"}],"wp:attachment":[{"href":"https:\/\/bqueenmarket.com\/en\/wp-json\/wp\/v2\/media?parent=27126"}],"wp:term":[{"taxonomy":"product_brand","embeddable":true,"href":"https:\/\/bqueenmarket.com\/en\/wp-json\/wp\/v2\/product_brand?post=27126"},{"taxonomy":"product_cat","embeddable":true,"href":"https:\/\/bqueenmarket.com\/en\/wp-json\/wp\/v2\/product_cat?post=27126"},{"taxonomy":"product_tag","embeddable":true,"href":"https:\/\/bqueenmarket.com\/en\/wp-json\/wp\/v2\/product_tag?post=27126"}],"curies":[{"name":"wp","href":"https:\/\/api.w.org\/{rel}","templated":true}]}}